{"id":583,"date":"2024-08-12T13:14:03","date_gmt":"2024-08-12T11:14:03","guid":{"rendered":"https:\/\/diasporaweb.de\/soziale-netzwerke\/"},"modified":"2024-08-14T15:59:36","modified_gmt":"2024-08-14T13:59:36","slug":"soziale-netzwerke","status":"publish","type":"page","link":"https:\/\/diasporaweb.de\/de\/soziale-netzwerke\/","title":{"rendered":"Soziale Netzwerke"},"content":{"rendered":"<p>[et_pb_section fb_built=&#8220;1&#8243; admin_label=&#8220;Header&#8220; _builder_version=&#8220;4.22.1&#8243; _module_preset=&#8220;default&#8220; background_color=&#8220;#000000&#8243; collapsed=&#8220;on&#8220; global_colors_info=&#8220;{}&#8220;][et_pb_row _builder_version=&#8220;4.27.0&#8243; _module_preset=&#8220;default&#8220; global_colors_info=&#8220;{}&#8220;][et_pb_column type=&#8220;4_4&#8243; _builder_version=&#8220;4.22.1&#8243; _module_preset=&#8220;default&#8220; global_colors_info=&#8220;{}&#8220;][et_pb_text _builder_version=&#8220;4.27.0&#8243; _module_preset=&#8220;6b9b3d60-4812-4a5f-97a8-efe264d6cc7b&#8220; header_4_font=&#8220;Arimo|700||on|||||&#8220; header_4_text_color=&#8220;gcid-afa30cf2-6f5d-4b9c-aa39-7dbe1ac3b7a3&#8243; text_orientation=&#8220;center&#8220; global_colors_info=&#8220;{%22gcid-afa30cf2-6f5d-4b9c-aa39-7dbe1ac3b7a3%22:%91%22header_4_text_color%22%93}&#8220;]<\/p>\n<h4><span>Unsere Leistungen<\/span><\/h4>\n<p>[\/et_pb_text][et_pb_text _builder_version=&#8220;4.27.0&#8243; _module_preset=&#8220;2e56844d-eb4b-4a04-bc10-4a536e736e12&#8243; header_font=&#8220;Arimo||||||||&#8220; header_text_color=&#8220;#FFFFFF&#8220; text_orientation=&#8220;center&#8220; global_colors_info=&#8220;{}&#8220;]<\/p>\n<h1><span>Management sozialer Netzwerke<\/span><\/h1>\n<p>[\/et_pb_text][et_pb_button button_url=&#8220;https:\/\/diasporaweb.de\/de\/kontakt\/&#8220; button_text=&#8220;Sprechen Sie mit einem Experten&#8220; button_alignment=&#8220;center&#8220; _builder_version=&#8220;4.27.0&#8243; _module_preset=&#8220;26fda8af-590c-41bf-9533-684cb74c2da9&#8243; button_font=&#8220;Inter|700||on|||||&#8220; global_colors_info=&#8220;{}&#8220;][\/et_pb_button][et_pb_code _builder_version=&#8220;4.27.0&#8243; _module_preset=&#8220;default&#8220; hover_enabled=&#8220;0&#8243; sticky_enabled=&#8220;0&#8243;]<a href=\"https:\/\/wa.me\/message\/AB3ARON7ZRI2D1\" style=\"text-decoration: none;\"><!-- [et_pb_line_break_holder] -->    <button style=\"padding: 10px 20px; background-color: #25D366; color: white; border: none; border-radius: 50px; cursor: pointer; display: flex; align-items: center; font-size: 16px;\"><!-- [et_pb_line_break_holder] -->        <img decoding=\"async\" src=\"https:\/\/upload.wikimedia.org\/wikipedia\/commons\/6\/6b\/WhatsApp.svg\" alt=\"WhatsApp\" style=\"width: 20px; height: 20px; margin-right: 10px;\"><!-- [et_pb_line_break_holder] -->        Nachricht auf WhatsApp senden<!-- [et_pb_line_break_holder] -->    <\/button><!-- [et_pb_line_break_holder] --><\/a>[\/et_pb_code][et_pb_text _builder_version=&#8220;4.27.0&#8243; _module_preset=&#8220;default&#8220; text_font=&#8220;Inter||||||||&#8220; text_text_color=&#8220;#FFFFFF&#8220; header_4_font=&#8220;Inter||on||||||&#8220; header_4_text_color=&#8220;#FFFFFF&#8220; global_colors_info=&#8220;{}&#8220;]<\/p>\n<p>Soziale Netzwerke sind der Brennpunkt der Markenkommunikation in der heutigen Zeit.<\/p>\n<h4><strong>Mit Diaspora Web steigern Sie Ihre Pr\u00e4senz und erreichen mehr Menschen als je zuvor.<\/strong><\/h4>\n<p>Wir helfen Ihnen, die Reichweite Ihrer Beitr\u00e4ge zu maximieren und das Engagement auf Ihren Kan\u00e4len zu steigern, sei es durch mehr Klicks, Likes oder Follower.<\/p>\n<h4>Aber das ist noch nicht alles&#8230;<\/h4>\n<p><strong>Wir wissen, dass ansprechende Inhalte der Schl\u00fcssel zu erfolgreichem Social-Media-Marketing sind.<\/strong>  Deshalb erstellen wir f\u00fcr Sie nicht nur \u00fcberzeugende Inhalte, sondern auch professionelle Fotos und Videos, die Ihre Marke authentisch und attraktiv pr\u00e4sentieren \u2013 sowohl in sozialen Netzwerken als auch auf Ihrer Website. Gemeinsam sorgen wir daf\u00fcr, dass Ihr Online-Auftritt Ihr Publikum \u00fcberzeugt und begeistert. <\/p>\n<p>[\/et_pb_text][\/et_pb_column][\/et_pb_row][et_pb_row _builder_version=&#8220;4.23.1&#8243; _module_preset=&#8220;default&#8220; width=&#8220;100%&#8220; max_width=&#8220;2000px&#8220; global_colors_info=&#8220;{}&#8220;][et_pb_column type=&#8220;4_4&#8243; _builder_version=&#8220;4.22.1&#8243; _module_preset=&#8220;default&#8220; global_colors_info=&#8220;{}&#8220;][et_pb_image src=&#8220;https:\/\/diasporaweb.de\/wp-content\/uploads\/2024\/08\/aaaaaAdobeStock_528246814_Editorial_Use_Only.webp&#8220; alt=&#8220;Ein Mann sitzt vor dem Computer und macht Grafikdesign.&#8220; title_text=&#8220;aaaaaAdobeStock_528246814_Editorial_Use_Only&#8220; force_fullwidth=&#8220;on&#8220; _builder_version=&#8220;4.27.0&#8243; _module_preset=&#8220;default&#8220; scroll_vertical_motion_enable=&#8220;on&#8220; scroll_vertical_motion=&#8220;0|50|50|100|1|0|-1&#8243; border_radii=&#8220;on|30px|30px|30px|30px&#8220; global_colors_info=&#8220;{}&#8220;][\/et_pb_image][\/et_pb_column][\/et_pb_row][\/et_pb_section][et_pb_section fb_built=&#8220;1&#8243; admin_label=&#8220;Services&#8220; _builder_version=&#8220;4.22.1&#8243; _module_preset=&#8220;default&#8220; background_color=&#8220;#000000&#8243; locked=&#8220;off&#8220; collapsed=&#8220;on&#8220; global_colors_info=&#8220;{}&#8220;][et_pb_row column_structure=&#8220;1_2,1_2&#8243; _builder_version=&#8220;4.22.1&#8243; _module_preset=&#8220;default&#8220; global_colors_info=&#8220;{}&#8220;][et_pb_column type=&#8220;1_2&#8243; _builder_version=&#8220;4.22.1&#8243; _module_preset=&#8220;default&#8220; global_colors_info=&#8220;{}&#8220;][et_pb_text _builder_version=&#8220;4.27.0&#8243; _module_preset=&#8220;a5dfedf2-e516-4f3b-b57b-3a8b17a30722&#8243; header_2_font=&#8220;Arimo||||||||&#8220; header_2_text_color=&#8220;#FFFFFF&#8220; header_3_font=&#8220;Arimo||||||||&#8220; header_3_text_color=&#8220;#FFFFFF&#8220; header_3_font_size=&#8220;32px&#8220; header_3_line_height=&#8220;1.2em&#8220; header_3_font_tablet=&#8220;Arimo||||||||&#8220; header_3_font_phone=&#8220;Arimo||||||||&#8220; header_3_font_last_edited=&#8220;on|phone&#8220; global_colors_info=&#8220;{}&#8220;]<\/p>\n<h3><span>M\u00f6glichkeiten, Ihren Service in Professionalit\u00e4t zu integrieren<\/span><\/h3>\n<p>[\/et_pb_text][\/et_pb_column][et_pb_column type=&#8220;1_2&#8243; _builder_version=&#8220;4.22.1&#8243; _module_preset=&#8220;default&#8220; global_colors_info=&#8220;{}&#8220;][\/et_pb_column][\/et_pb_row][et_pb_row make_equal=&#8220;on&#8220; custom_padding_last_edited=&#8220;on|tablet&#8220; _builder_version=&#8220;4.27.0&#8243; _module_preset=&#8220;default&#8220; custom_padding_tablet=&#8220;||0px||false|false&#8220; custom_padding_phone=&#8220;||0px||false|false&#8220; global_colors_info=&#8220;{}&#8220;][et_pb_column type=&#8220;4_4&#8243; _builder_version=&#8220;4.22.1&#8243; _module_preset=&#8220;default&#8220; background_color=&#8220;gcid-143aa564-2dbe-4a69-aba4-6587f516793c&#8220; custom_padding=&#8220;30px|30px|30px|30px|true|true&#8220; custom_padding_tablet=&#8220;30px|30px|30px|30px|true|true&#8220; custom_padding_phone=&#8220;20px|20px|20px|20px|true|true&#8220; custom_padding_last_edited=&#8220;on|phone&#8220; border_radii=&#8220;on|10px|10px|10px|10px&#8220; border_width_all=&#8220;1px&#8220; border_color_all=&#8220;rgba(255,255,255,0.4)&#8220; global_colors_info=&#8220;{%22gcid-143aa564-2dbe-4a69-aba4-6587f516793c%22:%91%22background_color%22,%22background_color%22,%22background_color%22%93}&#8220; border_color_all__hover=&#8220;#FFFFFF&#8220; border_color_all__hover_enabled=&#8220;on|desktop&#8220;][et_pb_text _builder_version=&#8220;4.27.0&#8243; _module_preset=&#8220;77c220a7-cfdc-4248-9fe1-f749f64c9147&#8243; header_4_font=&#8220;Arimo||||||||&#8220; header_4_text_color=&#8220;gcid-afa30cf2-6f5d-4b9c-aa39-7dbe1ac3b7a3&#8243; custom_margin=&#8220;||10px||false|false&#8220; global_colors_info=&#8220;{%22gcid-afa30cf2-6f5d-4b9c-aa39-7dbe1ac3b7a3%22:%91%22header_4_text_color%22%93}&#8220;]<\/p>\n<h4><span>SEO-Optimierung<\/span><\/h4>\n<p>[\/et_pb_text][et_pb_text _builder_version=&#8220;4.27.0&#8243; _module_preset=&#8220;a2e08a26-7ccd-4515-a969-a4b8723fa28f&#8220; text_font=&#8220;Inter|700|||||||&#8220; text_text_color=&#8220;#FFFFFF&#8220; global_colors_info=&#8220;{}&#8220;]<\/p>\n<p><span>Suchmaschinenoptimierung zur Verbesserung der Sichtbarkeit und des Rankings in den Suchergebnissen.<\/span><\/p>\n<p>[\/et_pb_text][\/et_pb_column][\/et_pb_row][et_pb_row column_structure=&#8220;1_2,1_2&#8243; make_equal=&#8220;on&#8220; custom_padding_last_edited=&#8220;on|tablet&#8220; _builder_version=&#8220;4.24.2&#8243; _module_preset=&#8220;default&#8220; custom_padding_tablet=&#8220;||0px||false|false&#8220; custom_padding_phone=&#8220;||0px||false|false&#8220; global_colors_info=&#8220;{}&#8220;][et_pb_column type=&#8220;1_2&#8243; _builder_version=&#8220;4.24.2&#8243; _module_preset=&#8220;default&#8220; background_color=&#8220;gcid-143aa564-2dbe-4a69-aba4-6587f516793c&#8220; custom_padding=&#8220;30px|30px|30px|30px|true|true&#8220; custom_padding_tablet=&#8220;30px|30px|30px|30px|true|true&#8220; custom_padding_phone=&#8220;20px|20px|20px|20px|true|true&#8220; custom_padding_last_edited=&#8220;on|phone&#8220; border_radii=&#8220;on|10px|10px|10px|10px&#8220; border_width_all=&#8220;1px&#8220; border_color_all=&#8220;rgba(255,255,255,0.4)&#8220; global_colors_info=&#8220;{%22gcid-143aa564-2dbe-4a69-aba4-6587f516793c%22:%91%22background_color%22%93}&#8220; border_color_all__hover_enabled=&#8220;on|desktop&#8220; border_color_all__hover=&#8220;#FFFFFF&#8220;][et_pb_text _builder_version=&#8220;4.27.0&#8243; _module_preset=&#8220;77c220a7-cfdc-4248-9fe1-f749f64c9147&#8243; header_4_font=&#8220;Arimo||||||||&#8220; header_4_text_color=&#8220;gcid-afa30cf2-6f5d-4b9c-aa39-7dbe1ac3b7a3&#8243; custom_margin=&#8220;||10px||false|false&#8220; global_colors_info=&#8220;{%22gcid-afa30cf2-6f5d-4b9c-aa39-7dbe1ac3b7a3%22:%91%22header_4_text_color%22%93}&#8220;]<\/p>\n<h4><span>Webdesign<\/span><\/h4>\n<p>[\/et_pb_text][et_pb_text _builder_version=&#8220;4.27.0&#8243; _module_preset=&#8220;a2e08a26-7ccd-4515-a969-a4b8723fa28f&#8220; text_font=&#8220;Inter|700|||||||&#8220; text_text_color=&#8220;#FFFFFF&#8220; global_colors_info=&#8220;{}&#8220;]<\/p>\n<p><span>Erstellen Sie moderne und benutzerfreundliche Websites, die perfekt auf Ihre Gesch\u00e4ftsanforderungen zugeschnitten sind.<\/span><\/p>\n<p>[\/et_pb_text][\/et_pb_column][et_pb_column type=&#8220;1_2&#8243; _builder_version=&#8220;4.22.1&#8243; _module_preset=&#8220;default&#8220; background_color=&#8220;gcid-143aa564-2dbe-4a69-aba4-6587f516793c&#8220; custom_padding=&#8220;30px|30px|30px|30px|true|true&#8220; custom_padding_tablet=&#8220;30px|30px|30px|30px|true|true&#8220; custom_padding_phone=&#8220;20px|20px|20px|20px|true|true&#8220; custom_padding_last_edited=&#8220;on|phone&#8220; border_radii=&#8220;on|10px|10px|10px|10px&#8220; border_width_all=&#8220;1px&#8220; border_color_all=&#8220;rgba(255,255,255,0.4)&#8220; global_colors_info=&#8220;{%22gcid-143aa564-2dbe-4a69-aba4-6587f516793c%22:%91%22background_color%22,%22background_color%22%93}&#8220; border_color_all__hover=&#8220;#FFFFFF&#8220; border_color_all__hover_enabled=&#8220;on|desktop&#8220;][et_pb_text _builder_version=&#8220;4.27.0&#8243; _module_preset=&#8220;77c220a7-cfdc-4248-9fe1-f749f64c9147&#8243; header_4_font=&#8220;Arimo||||||||&#8220; header_4_text_color=&#8220;gcid-afa30cf2-6f5d-4b9c-aa39-7dbe1ac3b7a3&#8243; custom_margin=&#8220;||10px||false|false&#8220; global_colors_info=&#8220;{%22gcid-afa30cf2-6f5d-4b9c-aa39-7dbe1ac3b7a3%22:%91%22header_4_text_color%22%93}&#8220;]<\/p>\n<h4><span>Grafikdesign<\/span><\/h4>\n<p>[\/et_pb_text][et_pb_text _builder_version=&#8220;4.27.0&#8243; _module_preset=&#8220;a2e08a26-7ccd-4515-a969-a4b8723fa28f&#8220; text_font=&#8220;Inter|700|||||||&#8220; text_text_color=&#8220;#FFFFFF&#8220; global_colors_info=&#8220;{}&#8220;]<\/p>\n<p><span>Entwerfen Sie professionelle Logos, Markenidentit\u00e4ten und visuelle Materialien, die Ihre Marke repr\u00e4sentieren<\/span><\/p>\n<p>[\/et_pb_text][\/et_pb_column][\/et_pb_row][et_pb_row column_structure=&#8220;1_2,1_2&#8243; make_equal=&#8220;on&#8220; _builder_version=&#8220;4.24.2&#8243; _module_preset=&#8220;default&#8220; global_colors_info=&#8220;{}&#8220;][et_pb_column type=&#8220;1_2&#8243; _builder_version=&#8220;4.22.1&#8243; _module_preset=&#8220;default&#8220; background_color=&#8220;gcid-143aa564-2dbe-4a69-aba4-6587f516793c&#8220; custom_padding=&#8220;30px|30px|30px|30px|true|true&#8220; custom_padding_tablet=&#8220;30px|30px|30px|30px|true|true&#8220; custom_padding_phone=&#8220;20px|20px|20px|20px|true|true&#8220; custom_padding_last_edited=&#8220;on|phone&#8220; border_radii=&#8220;on|10px|10px|10px|10px&#8220; border_width_all=&#8220;1px&#8220; border_color_all=&#8220;rgba(255,255,255,0.4)&#8220; global_colors_info=&#8220;{%22gcid-143aa564-2dbe-4a69-aba4-6587f516793c%22:%91%22background_color%22,%22background_color%22,%22background_color%22%93}&#8220; border_color_all__hover=&#8220;#FFFFFF&#8220; border_color_all__hover_enabled=&#8220;on|desktop&#8220;][et_pb_text _builder_version=&#8220;4.27.0&#8243; _module_preset=&#8220;77c220a7-cfdc-4248-9fe1-f749f64c9147&#8243; header_4_font=&#8220;Arimo||||||||&#8220; header_4_text_color=&#8220;gcid-afa30cf2-6f5d-4b9c-aa39-7dbe1ac3b7a3&#8243; custom_margin=&#8220;||10px||false|false&#8220; global_colors_info=&#8220;{%22gcid-afa30cf2-6f5d-4b9c-aa39-7dbe1ac3b7a3%22:%91%22header_4_text_color%22%93}&#8220;]<\/p>\n<h4><span>Hosting<\/span><\/h4>\n<p>[\/et_pb_text][et_pb_text _builder_version=&#8220;4.27.0&#8243; _module_preset=&#8220;a2e08a26-7ccd-4515-a969-a4b8723fa28f&#8220; text_font=&#8220;Inter|700|||||||&#8220; text_text_color=&#8220;#FFFFFF&#8220; global_colors_info=&#8220;{}&#8220;]<\/p>\n<p><span>Sicheres und zuverl\u00e4ssiges Hosting mit Servern in Deutschland, die den h\u00f6chsten Sicherheitsstandards entsprechen.<\/span><\/p>\n<p>[\/et_pb_text][\/et_pb_column][et_pb_column type=&#8220;1_2&#8243; _builder_version=&#8220;4.22.1&#8243; _module_preset=&#8220;default&#8220; background_color=&#8220;gcid-143aa564-2dbe-4a69-aba4-6587f516793c&#8220; custom_padding=&#8220;30px|30px|30px|30px|true|true&#8220; custom_padding_tablet=&#8220;30px|30px|30px|30px|true|true&#8220; custom_padding_phone=&#8220;20px|20px|20px|20px|true|true&#8220; custom_padding_last_edited=&#8220;on|phone&#8220; border_radii=&#8220;on|10px|10px|10px|10px&#8220; border_width_all=&#8220;1px&#8220; border_color_all=&#8220;rgba(255,255,255,0.4)&#8220; global_colors_info=&#8220;{%22gcid-143aa564-2dbe-4a69-aba4-6587f516793c%22:%91%22background_color%22,%22background_color%22%93}&#8220; border_color_all__hover=&#8220;#FFFFFF&#8220; border_color_all__hover_enabled=&#8220;on|desktop&#8220;][et_pb_text _builder_version=&#8220;4.27.0&#8243; _module_preset=&#8220;77c220a7-cfdc-4248-9fe1-f749f64c9147&#8243; header_4_font=&#8220;Arimo||||||||&#8220; header_4_text_color=&#8220;gcid-afa30cf2-6f5d-4b9c-aa39-7dbe1ac3b7a3&#8243; custom_margin=&#8220;||10px||false|false&#8220; global_colors_info=&#8220;{%22gcid-afa30cf2-6f5d-4b9c-aa39-7dbe1ac3b7a3%22:%91%22header_4_text_color%22%93}&#8220;]<\/p>\n<h4><span>IT-Kommunikationsl\u00f6sungen<\/span><\/h4>\n<p>[\/et_pb_text][et_pb_text _builder_version=&#8220;4.27.0&#8243; _module_preset=&#8220;a2e08a26-7ccd-4515-a969-a4b8723fa28f&#8220; text_font=&#8220;Inter|700|||||||&#8220; text_text_color=&#8220;#FFFFFF&#8220; global_colors_info=&#8220;{}&#8220;]<\/p>\n<p><span>Umfassende IT-L\u00f6sungen zur Verbesserung Ihrer internen und externen Kommunikationsprozesse<\/span><\/p>\n<p>[\/et_pb_text][\/et_pb_column][\/et_pb_row][et_pb_row column_structure=&#8220;1_2,1_2&#8243; make_equal=&#8220;on&#8220; _builder_version=&#8220;4.24.2&#8243; _module_preset=&#8220;default&#8220; custom_padding=&#8220;4px|||||&#8220; global_colors_info=&#8220;{}&#8220;][et_pb_column type=&#8220;1_2&#8243; _builder_version=&#8220;4.22.1&#8243; _module_preset=&#8220;default&#8220; background_color=&#8220;gcid-143aa564-2dbe-4a69-aba4-6587f516793c&#8220; custom_padding=&#8220;30px|30px|30px|30px|true|true&#8220; custom_padding_tablet=&#8220;30px|30px|30px|30px|true|true&#8220; custom_padding_phone=&#8220;20px|20px|20px|20px|true|true&#8220; custom_padding_last_edited=&#8220;on|phone&#8220; border_radii=&#8220;on|10px|10px|10px|10px&#8220; border_width_all=&#8220;1px&#8220; border_color_all=&#8220;rgba(255,255,255,0.4)&#8220; global_colors_info=&#8220;{%22gcid-143aa564-2dbe-4a69-aba4-6587f516793c%22:%91%22background_color%22,%22background_color%22,%22background_color%22%93}&#8220; border_color_all__hover=&#8220;#FFFFFF&#8220; border_color_all__hover_enabled=&#8220;on|desktop&#8220;][et_pb_text _builder_version=&#8220;4.27.0&#8243; _module_preset=&#8220;77c220a7-cfdc-4248-9fe1-f749f64c9147&#8243; header_4_font=&#8220;Arimo||||||||&#8220; header_4_text_color=&#8220;gcid-afa30cf2-6f5d-4b9c-aa39-7dbe1ac3b7a3&#8243; custom_margin=&#8220;||10px||false|false&#8220; global_colors_info=&#8220;{%22gcid-afa30cf2-6f5d-4b9c-aa39-7dbe1ac3b7a3%22:%91%22header_4_text_color%22%93}&#8220;]<\/p>\n<h4><span>Kommunikation per E-Mail<\/span><\/h4>\n<p>[\/et_pb_text][et_pb_text _builder_version=&#8220;4.27.0&#8243; _module_preset=&#8220;a2e08a26-7ccd-4515-a969-a4b8723fa28f&#8220; text_font=&#8220;Inter|700|||||||&#8220; text_text_color=&#8220;#FFFFFF&#8220; global_colors_info=&#8220;{}&#8220;]<\/p>\n<p><span>Erstellung und Verwaltung professioneller Kommunikationssysteme per E-Mail.<\/span><\/p>\n<p>[\/et_pb_text][\/et_pb_column][et_pb_column type=&#8220;1_2&#8243; _builder_version=&#8220;4.22.1&#8243; _module_preset=&#8220;default&#8220; background_color=&#8220;gcid-143aa564-2dbe-4a69-aba4-6587f516793c&#8220; custom_padding=&#8220;30px|30px|30px|30px|true|true&#8220; custom_padding_tablet=&#8220;30px|30px|30px|30px|true|true&#8220; custom_padding_phone=&#8220;20px|20px|20px|20px|true|true&#8220; custom_padding_last_edited=&#8220;on|phone&#8220; border_radii=&#8220;on|10px|10px|10px|10px&#8220; border_width_all=&#8220;1px&#8220; border_color_all=&#8220;rgba(255,255,255,0.4)&#8220; global_colors_info=&#8220;{%22gcid-143aa564-2dbe-4a69-aba4-6587f516793c%22:%91%22background_color%22,%22background_color%22%93}&#8220; border_color_all__hover=&#8220;#FFFFFF&#8220; border_color_all__hover_enabled=&#8220;on|desktop&#8220;][et_pb_text _builder_version=&#8220;4.27.0&#8243; _module_preset=&#8220;77c220a7-cfdc-4248-9fe1-f749f64c9147&#8243; header_4_font=&#8220;Arimo||||||||&#8220; header_4_text_color=&#8220;gcid-afa30cf2-6f5d-4b9c-aa39-7dbe1ac3b7a3&#8243; custom_margin=&#8220;||10px||false|false&#8220; global_colors_info=&#8220;{%22gcid-afa30cf2-6f5d-4b9c-aa39-7dbe1ac3b7a3%22:%91%22header_4_text_color%22%93}&#8220;]<\/p>\n<h4><span>Komplette IT-L\u00f6sungen<\/span><\/h4>\n<p>[\/et_pb_text][et_pb_text _builder_version=&#8220;4.27.0&#8243; _module_preset=&#8220;a2e08a26-7ccd-4515-a969-a4b8723fa28f&#8220; text_font=&#8220;Inter|700|||||||&#8220; text_text_color=&#8220;#FFFFFF&#8220; global_colors_info=&#8220;{}&#8220;]<\/p>\n<p><span>Umfassende IT-Services zur Unterst\u00fctzung Ihres Unternehmens, von der Infrastruktur bis zur Wartung<\/span><\/p>\n<p>[\/et_pb_text][\/et_pb_column][\/et_pb_row][\/et_pb_section][et_pb_section fb_built=&#8220;1&#8243; admin_label=&#8220;Call to Action&#8220; _builder_version=&#8220;4.24.2&#8243; _module_preset=&#8220;default&#8220; background_color=&#8220;#000000&#8243; custom_padding=&#8220;6vw||6vw||true|false&#8220; saved_tabs=&#8220;all&#8220; collapsed=&#8220;on&#8220; global_colors_info=&#8220;{}&#8220;][et_pb_row _builder_version=&#8220;4.24.2&#8243; _module_preset=&#8220;default&#8220; background_image=&#8220;https:\/\/diasporaweb.de\/wp-content\/uploads\/2024\/08\/augmented-reality-background-01@2x.png&#8220; custom_padding=&#8220;8vw|8vw|8vw|8vw|true|true&#8220; global_colors_info=&#8220;{%22gcid-143aa564-2dbe-4a69-aba4-6587f516793c%22:%91%22background_color_gradient_stops%22%93}&#8220;][et_pb_column type=&#8220;4_4&#8243; _builder_version=&#8220;4.22.1&#8243; _module_preset=&#8220;default&#8220; global_colors_info=&#8220;{}&#8220;][et_pb_text _builder_version=&#8220;4.27.0&#8243; _module_preset=&#8220;a5dfedf2-e516-4f3b-b57b-3a8b17a30722&#8243; header_2_font=&#8220;Arimo||||||||&#8220; header_2_text_color=&#8220;#FFFFFF&#8220; text_orientation=&#8220;center&#8220; global_colors_info=&#8220;{}&#8220;]<\/p>\n<h2><span>Lassen Sie uns gemeinsam die Zukunft gestalten<\/span><\/h2>\n<p>[\/et_pb_text][et_pb_button button_url=&#8220;https:\/\/diasporaweb.de\/de\/kontakt\/&#8220; button_text=&#8220;Vereinbaren Sie eine kostenlose Beratung&#8220; button_alignment=&#8220;center&#8220; _builder_version=&#8220;4.27.0&#8243; _module_preset=&#8220;3443b55f-6086-470c-b540-a079a9e780df&#8220; button_font=&#8220;Inter|700||on|||||&#8220; global_colors_info=&#8220;{}&#8220;][\/et_pb_button][\/et_pb_column][\/et_pb_row][\/et_pb_section]<\/p>\n","protected":false},"excerpt":{"rendered":"<p>Unsere LeistungenManagement sozialer NetzwerkeSoziale Netzwerke sind der Brennpunkt der Markenkommunikation in der heutigen Zeit. Mit Diaspora Web steigern Sie Ihre Pr\u00e4senz und erreichen mehr Menschen als je zuvor. Wir helfen Ihnen, die Reichweite Ihrer Beitr\u00e4ge zu maximieren und das Engagement auf Ihren Kan\u00e4len zu steigern, sei es durch mehr Klicks, Likes oder Follower. Aber das [&hellip;]<\/p>\n","protected":false},"author":1,"featured_media":0,"parent":0,"menu_order":0,"comment_status":"closed","ping_status":"closed","template":"","meta":{"_et_pb_use_builder":"on","_et_pb_old_content":"","_et_gb_content_width":"","footnotes":""},"class_list":["post-583","page","type-page","status-publish","hentry"],"_links":{"self":[{"href":"https:\/\/diasporaweb.de\/de\/wp-json\/wp\/v2\/pages\/583","targetHints":{"allow":["GET"]}}],"collection":[{"href":"https:\/\/diasporaweb.de\/de\/wp-json\/wp\/v2\/pages"}],"about":[{"href":"https:\/\/diasporaweb.de\/de\/wp-json\/wp\/v2\/types\/page"}],"author":[{"embeddable":true,"href":"https:\/\/diasporaweb.de\/de\/wp-json\/wp\/v2\/users\/1"}],"replies":[{"embeddable":true,"href":"https:\/\/diasporaweb.de\/de\/wp-json\/wp\/v2\/comments?post=583"}],"version-history":[{"count":5,"href":"https:\/\/diasporaweb.de\/de\/wp-json\/wp\/v2\/pages\/583\/revisions"}],"predecessor-version":[{"id":689,"href":"https:\/\/diasporaweb.de\/de\/wp-json\/wp\/v2\/pages\/583\/revisions\/689"}],"wp:attachment":[{"href":"https:\/\/diasporaweb.de\/de\/wp-json\/wp\/v2\/media?parent=583"}],"curies":[{"name":"wp","href":"https:\/\/api.w.org\/{rel}","templated":true}]}}